{"id":1299,"date":"2020-10-27T06:30:04","date_gmt":"2020-10-27T06:30:04","guid":{"rendered":"https:\/\/www.elpastor.com\/tienda\/?post_type=product&#038;p=1299"},"modified":"2025-09-18T08:11:13","modified_gmt":"2025-09-18T08:11:13","slug":"1-2-pieza-queso-15-kg-iberico-gran-reserva-pata-vieja","status":"publish","type":"product","link":"https:\/\/www.elpastor.com\/tienda\/producto\/1-2-pieza-queso-15-kg-iberico-gran-reserva-pata-vieja\/","title":{"rendered":"1\/2 PIEZA QUESO IB\u00c9RICO GRAN RESERVA (12 MESES) PATA VIEJA (1,45kg aproximado)"},"content":{"rendered":"<p>Ingredientes: LECHE cruda de vaca, oveja y cabra, sal, secuestrante: cloruro c\u00e1lcico, coagulante y FERMENTOS L\u00c1CTICOS. Origen de la leche: Espa\u00f1a.<\/p>\n<p>Caracter\u00edsticas: pasta firme de color amarillo marfil. Ojos abundantes. Olor fuerte, caracter\u00edstico del queso de mezcla a\u00f1ejo. Sabor muy desarrollado, picante y persistente. Textura compacta, contundente, envolvente.<\/p>\n<p>&nbsp;<\/p>\n","protected":false},"excerpt":{"rendered":"<p>QUESO DE MEZCLA IB\u00c9RICO A\u00d1EJO.<\/p>\n<p>PREMIOS:<br \/>\nWorld Cheese Awards | Plata | 2023-24.<br \/>\nWorld Cheese Awards | Bronce | 2022-23.<br \/>\nGlobal Cheese Awards | Oro | 2017.<\/p>\n<p>Maduraci\u00f3n: 330 d\u00edas (+\/- 45 d\u00edas).<\/p>\n<p>Conservar en lugar fresco y seco.<\/p>\n<p>Atemperar 10 minutos antes de su consumo.<\/p>\n<p>&nbsp;<\/p>\n","protected":false},"featured_media":3335,"template":"","meta":{"neve_meta_sidebar":"","neve_meta_container":"","neve_meta_enable_content_width":"off","neve_meta_content_width":70,"neve_meta_title_alignment":"","neve_meta_author_avatar":"","neve_post_elements_order":"","neve_meta_disable_header":"","neve_meta_disable_footer":"","neve_meta_disable_title":""},"product_cat":[25],"product_tag":[42,44,41,43],"yoast_head":"<!-- This site is optimized with the Yoast SEO plugin v21.4 - https:\/\/yoast.com\/wordpress\/plugins\/seo\/ -->\n<title>1\/2 PIEZA QUESO IB\u00c9RICO GRAN RESERVA (12 MESES) PATA VIEJA (1,45kg aproximado) - Quesos El Pastor - Tienda Online<\/title>\n<meta name=\"description\" content=\"QUESO DE MEZCLA IB\u00c9RICO A\u00d1EJO. Caracter\u00edsticas: pasta firme de color amarillo marfil. Ojos abundantes. Olor fuerte, caracter\u00edstico del queso de mezcla a\u00f1ejo. Sabor muy desarrollado, picante y persistente. Textura compacta, contundente, envolvente.\" \/>\n<meta name=\"robots\" content=\"index, follow, max-snippet:-1, max-image-preview:large, max-video-preview:-1\" \/>\n<link rel=\"canonical\" href=\"https:\/\/www.elpastor.com\/tienda\/producto\/1-2-pieza-queso-15-kg-iberico-gran-reserva-pata-vieja\/\" \/>\n<meta property=\"og:locale\" content=\"es_ES\" \/>\n<meta property=\"og:type\" content=\"article\" \/>\n<meta property=\"og:title\" content=\"1\/2 PIEZA QUESO IB\u00c9RICO GRAN RESERVA (12 MESES) PATA VIEJA (1,45kg aproximado) - Quesos El Pastor - Tienda Online\" \/>\n<meta property=\"og:description\" content=\"QUESO DE MEZCLA IB\u00c9RICO A\u00d1EJO. Caracter\u00edsticas: pasta firme de color amarillo marfil. Ojos abundantes. Olor fuerte, caracter\u00edstico del queso de mezcla a\u00f1ejo. Sabor muy desarrollado, picante y persistente. Textura compacta, contundente, envolvente.\" \/>\n<meta property=\"og:url\" content=\"https:\/\/www.elpastor.com\/tienda\/producto\/1-2-pieza-queso-15-kg-iberico-gran-reserva-pata-vieja\/\" \/>\n<meta property=\"og:site_name\" content=\"Quesos El Pastor - Tienda Online\" \/>\n<meta property=\"article:modified_time\" content=\"2025-09-18T08:11:13+00:00\" \/>\n<meta property=\"og:image\" content=\"https:\/\/www.elpastor.com\/tienda\/wp-content\/uploads\/2020\/10\/2885-3860-queso-mezcla-gran-reserva-pata-vieja-iberico-media-pieza-tienda-online.jpg\" \/>\n\t<meta property=\"og:image:width\" content=\"1200\" \/>\n\t<meta property=\"og:image:height\" content=\"1200\" \/>\n\t<meta property=\"og:image:type\" content=\"image\/jpeg\" \/>\n<meta name=\"twitter:card\" content=\"summary_large_image\" \/>\n<meta name=\"twitter:label1\" content=\"Tiempo de lectura\" \/>\n\t<meta name=\"twitter:data1\" content=\"1 minuto\" \/>\n<!-- \/ Yoast SEO plugin. -->","yoast_head_json":{"title":"1\/2 PIEZA QUESO IB\u00c9RICO GRAN RESERVA (12 MESES) PATA VIEJA (1,45kg aproximado) - Quesos El Pastor - Tienda Online","description":"QUESO DE MEZCLA IB\u00c9RICO A\u00d1EJO. Caracter\u00edsticas: pasta firme de color amarillo marfil. Ojos abundantes. Olor fuerte, caracter\u00edstico del queso de mezcla a\u00f1ejo. Sabor muy desarrollado, picante y persistente. Textura compacta, contundente, envolvente.","robots":{"index":"index","follow":"follow","max-snippet":"max-snippet:-1","max-image-preview":"max-image-preview:large","max-video-preview":"max-video-preview:-1"},"canonical":"https:\/\/www.elpastor.com\/tienda\/producto\/1-2-pieza-queso-15-kg-iberico-gran-reserva-pata-vieja\/","og_locale":"es_ES","og_type":"article","og_title":"1\/2 PIEZA QUESO IB\u00c9RICO GRAN RESERVA (12 MESES) PATA VIEJA (1,45kg aproximado) - Quesos El Pastor - Tienda Online","og_description":"QUESO DE MEZCLA IB\u00c9RICO A\u00d1EJO. Caracter\u00edsticas: pasta firme de color amarillo marfil. Ojos abundantes. Olor fuerte, caracter\u00edstico del queso de mezcla a\u00f1ejo. Sabor muy desarrollado, picante y persistente. Textura compacta, contundente, envolvente.","og_url":"https:\/\/www.elpastor.com\/tienda\/producto\/1-2-pieza-queso-15-kg-iberico-gran-reserva-pata-vieja\/","og_site_name":"Quesos El Pastor - Tienda Online","article_modified_time":"2025-09-18T08:11:13+00:00","og_image":[{"width":1200,"height":1200,"url":"https:\/\/www.elpastor.com\/tienda\/wp-content\/uploads\/2020\/10\/2885-3860-queso-mezcla-gran-reserva-pata-vieja-iberico-media-pieza-tienda-online.jpg","type":"image\/jpeg"}],"twitter_card":"summary_large_image","twitter_misc":{"Tiempo de lectura":"1 minuto"},"schema":{"@context":"https:\/\/schema.org","@graph":[{"@type":"WebPage","@id":"https:\/\/www.elpastor.com\/tienda\/producto\/1-2-pieza-queso-15-kg-iberico-gran-reserva-pata-vieja\/","url":"https:\/\/www.elpastor.com\/tienda\/producto\/1-2-pieza-queso-15-kg-iberico-gran-reserva-pata-vieja\/","name":"1\/2 PIEZA QUESO IB\u00c9RICO GRAN RESERVA (12 MESES) PATA VIEJA (1,45kg aproximado) - Quesos El Pastor - Tienda Online","isPartOf":{"@id":"https:\/\/www.elpastor.com\/tienda\/#website"},"datePublished":"2020-10-27T06:30:04+00:00","dateModified":"2025-09-18T08:11:13+00:00","description":"QUESO DE MEZCLA IB\u00c9RICO A\u00d1EJO. Caracter\u00edsticas: pasta firme de color amarillo marfil. Ojos abundantes. Olor fuerte, caracter\u00edstico del queso de mezcla a\u00f1ejo. Sabor muy desarrollado, picante y persistente. Textura compacta, contundente, envolvente.","breadcrumb":{"@id":"https:\/\/www.elpastor.com\/tienda\/producto\/1-2-pieza-queso-15-kg-iberico-gran-reserva-pata-vieja\/#breadcrumb"},"inLanguage":"es","potentialAction":[{"@type":"ReadAction","target":["https:\/\/www.elpastor.com\/tienda\/producto\/1-2-pieza-queso-15-kg-iberico-gran-reserva-pata-vieja\/"]}]},{"@type":"BreadcrumbList","@id":"https:\/\/www.elpastor.com\/tienda\/producto\/1-2-pieza-queso-15-kg-iberico-gran-reserva-pata-vieja\/#breadcrumb","itemListElement":[{"@type":"ListItem","position":1,"name":"Portada","item":"https:\/\/www.elpastor.com\/tienda\/"},{"@type":"ListItem","position":2,"name":"Shop","item":"https:\/\/www.elpastor.com\/tienda\/d41d8-shop\/"},{"@type":"ListItem","position":3,"name":"1\/2 PIEZA QUESO IB\u00c9RICO GRAN RESERVA (12 MESES) PATA VIEJA (1,45kg aproximado)"}]},{"@type":"WebSite","@id":"https:\/\/www.elpastor.com\/tienda\/#website","url":"https:\/\/www.elpastor.com\/tienda\/","name":"Quesos El Pastor - Tienda Online","description":"Un mundo lleno de sabores","publisher":{"@id":"https:\/\/www.elpastor.com\/tienda\/#organization"},"potentialAction":[{"@type":"SearchAction","target":{"@type":"EntryPoint","urlTemplate":"https:\/\/www.elpastor.com\/tienda\/?s={search_term_string}"},"query-input":"required name=search_term_string"}],"inLanguage":"es"},{"@type":"Organization","@id":"https:\/\/www.elpastor.com\/tienda\/#organization","name":"Quesos El Pastor - Tienda Online","url":"https:\/\/www.elpastor.com\/tienda\/","logo":{"@type":"ImageObject","inLanguage":"es","@id":"https:\/\/www.elpastor.com\/tienda\/#\/schema\/logo\/image\/","url":"https:\/\/www.elpastor.com\/tienda\/wp-content\/uploads\/2020\/08\/quesos-el-pastor-logo.png","contentUrl":"https:\/\/www.elpastor.com\/tienda\/wp-content\/uploads\/2020\/08\/quesos-el-pastor-logo.png","width":320,"height":215,"caption":"Quesos El Pastor - Tienda Online"},"image":{"@id":"https:\/\/www.elpastor.com\/tienda\/#\/schema\/logo\/image\/"}}]}},"_links":{"self":[{"href":"https:\/\/www.elpastor.com\/tienda\/wp-json\/wp\/v2\/product\/1299"}],"collection":[{"href":"https:\/\/www.elpastor.com\/tienda\/wp-json\/wp\/v2\/product"}],"about":[{"href":"https:\/\/www.elpastor.com\/tienda\/wp-json\/wp\/v2\/types\/product"}],"version-history":[{"count":8,"href":"https:\/\/www.elpastor.com\/tienda\/wp-json\/wp\/v2\/product\/1299\/revisions"}],"predecessor-version":[{"id":3336,"href":"https:\/\/www.elpastor.com\/tienda\/wp-json\/wp\/v2\/product\/1299\/revisions\/3336"}],"wp:featuredmedia":[{"embeddable":true,"href":"https:\/\/www.elpastor.com\/tienda\/wp-json\/wp\/v2\/media\/3335"}],"wp:attachment":[{"href":"https:\/\/www.elpastor.com\/tienda\/wp-json\/wp\/v2\/media?parent=1299"}],"wp:term":[{"taxonomy":"product_cat","embeddable":true,"href":"https:\/\/www.elpastor.com\/tienda\/wp-json\/wp\/v2\/product_cat?post=1299"},{"taxonomy":"product_tag","embeddable":true,"href":"https:\/\/www.elpastor.com\/tienda\/wp-json\/wp\/v2\/product_tag?post=1299"}],"curies":[{"name":"wp","href":"https:\/\/api.w.org\/{rel}","templated":true}]}}