{"id":1275,"date":"2020-11-03T19:39:37","date_gmt":"2020-11-03T19:39:37","guid":{"rendered":"https:\/\/www.elpastor.com\/tienda\/?post_type=product&#038;p=1275"},"modified":"2025-09-18T08:21:19","modified_gmt":"2025-09-18T08:21:19","slug":"rulo-madurado-cabra-1-kg","status":"publish","type":"product","link":"https:\/\/www.elpastor.com\/tienda\/producto\/rulo-madurado-cabra-1-kg\/","title":{"rendered":"RULO MADURADO CABRA 1 KG EL PASTOR"},"content":{"rendered":"<p>Ingredientes: LECHE pasteurizada de cabra, sal, cuajo, FERMENTOS L\u00c1CTICOS y Penicillium. Origen de la leche: Espa\u00f1a. Elaborado en una f\u00e1brica que utiliza leche de oveja y de vaca.<\/p>\n<p>Caracter\u00edsticas: Color blanco homog\u00e9neo, sabor suave y agradable y textura untuosa, fundente.<\/p>\n<p>&nbsp;<\/p>\n","protected":false},"excerpt":{"rendered":"<p>RULO DE QUESO DE CABRA MADURADO CON MOHO SABOR NATURAL.<\/p>\n<p>PREMIOS:<br \/>\nWorld Cheese Awards | Plata | 2022-23<br \/>\nWorld Cheese Awards | Bronce | 2018<br \/>\nWorld Cheese Awards | Plata | 2017<br \/>\nGlobal Cheese Awards | Oro | 2017<\/p>\n<p>Maduraci\u00f3n: 10 d\u00edas.<\/p>\n<p>Envasado en atm\u00f3sfera protectora.<\/p>\n<p>Conservar refrigerado entre +2\u00baC y +8\u00baC.<\/p>\n<p>Atemperar 10 minutos antes de su consumo.<\/p>\n<p>&nbsp;<\/p>\n","protected":false},"featured_media":2771,"template":"","meta":{"neve_meta_sidebar":"","neve_meta_container":"","neve_meta_enable_content_width":"off","neve_meta_content_width":70,"neve_meta_title_alignment":"","neve_meta_author_avatar":"","neve_post_elements_order":"","neve_meta_disable_header":"","neve_meta_disable_footer":"","neve_meta_disable_title":""},"product_cat":[33],"product_tag":[64,65],"yoast_head":"<!-- This site is optimized with the Yoast SEO plugin v21.4 - https:\/\/yoast.com\/wordpress\/plugins\/seo\/ -->\n<title>RULO MADURADO CABRA 1 KG EL PASTOR - Quesos El Pastor - Tienda Online<\/title>\n<meta name=\"description\" content=\"RULO DE QUESO DE CABRA MADURADO CON MOHO SABOR NATURAL. Caracter\u00edsticas: Color blanco homog\u00e9neo, sabor suave y agradable y textura untuosa, fundente.\" \/>\n<meta name=\"robots\" content=\"index, follow, max-snippet:-1, max-image-preview:large, max-video-preview:-1\" \/>\n<link rel=\"canonical\" href=\"https:\/\/www.elpastor.com\/tienda\/producto\/rulo-madurado-cabra-1-kg\/\" \/>\n<meta property=\"og:locale\" content=\"es_ES\" \/>\n<meta property=\"og:type\" content=\"article\" \/>\n<meta property=\"og:title\" content=\"RULO MADURADO CABRA 1 KG EL PASTOR - Quesos El Pastor - Tienda Online\" \/>\n<meta property=\"og:description\" content=\"RULO DE QUESO DE CABRA MADURADO CON MOHO SABOR NATURAL. Caracter\u00edsticas: Color blanco homog\u00e9neo, sabor suave y agradable y textura untuosa, fundente.\" \/>\n<meta property=\"og:url\" content=\"https:\/\/www.elpastor.com\/tienda\/producto\/rulo-madurado-cabra-1-kg\/\" \/>\n<meta property=\"og:site_name\" content=\"Quesos El Pastor - Tienda Online\" \/>\n<meta property=\"article:modified_time\" content=\"2025-09-18T08:21:19+00:00\" \/>\n<meta property=\"og:image\" content=\"https:\/\/www.elpastor.com\/tienda\/wp-content\/uploads\/2020\/11\/2456-rulo-cabra-madurado-natural-1kg-tienda-online-wca.jpg\" \/>\n\t<meta property=\"og:image:width\" content=\"1200\" \/>\n\t<meta property=\"og:image:height\" content=\"1200\" \/>\n\t<meta property=\"og:image:type\" content=\"image\/jpeg\" \/>\n<meta name=\"twitter:card\" content=\"summary_large_image\" \/>\n<meta name=\"twitter:label1\" content=\"Tiempo de lectura\" \/>\n\t<meta name=\"twitter:data1\" content=\"1 minuto\" \/>\n<!-- \/ Yoast SEO plugin. -->","yoast_head_json":{"title":"RULO MADURADO CABRA 1 KG EL PASTOR - Quesos El Pastor - Tienda Online","description":"RULO DE QUESO DE CABRA MADURADO CON MOHO SABOR NATURAL. Caracter\u00edsticas: Color blanco homog\u00e9neo, sabor suave y agradable y textura untuosa, fundente.","robots":{"index":"index","follow":"follow","max-snippet":"max-snippet:-1","max-image-preview":"max-image-preview:large","max-video-preview":"max-video-preview:-1"},"canonical":"https:\/\/www.elpastor.com\/tienda\/producto\/rulo-madurado-cabra-1-kg\/","og_locale":"es_ES","og_type":"article","og_title":"RULO MADURADO CABRA 1 KG EL PASTOR - Quesos El Pastor - Tienda Online","og_description":"RULO DE QUESO DE CABRA MADURADO CON MOHO SABOR NATURAL. Caracter\u00edsticas: Color blanco homog\u00e9neo, sabor suave y agradable y textura untuosa, fundente.","og_url":"https:\/\/www.elpastor.com\/tienda\/producto\/rulo-madurado-cabra-1-kg\/","og_site_name":"Quesos El Pastor - Tienda Online","article_modified_time":"2025-09-18T08:21:19+00:00","og_image":[{"width":1200,"height":1200,"url":"https:\/\/www.elpastor.com\/tienda\/wp-content\/uploads\/2020\/11\/2456-rulo-cabra-madurado-natural-1kg-tienda-online-wca.jpg","type":"image\/jpeg"}],"twitter_card":"summary_large_image","twitter_misc":{"Tiempo de lectura":"1 minuto"},"schema":{"@context":"https:\/\/schema.org","@graph":[{"@type":"WebPage","@id":"https:\/\/www.elpastor.com\/tienda\/producto\/rulo-madurado-cabra-1-kg\/","url":"https:\/\/www.elpastor.com\/tienda\/producto\/rulo-madurado-cabra-1-kg\/","name":"RULO MADURADO CABRA 1 KG EL PASTOR - Quesos El Pastor - Tienda Online","isPartOf":{"@id":"https:\/\/www.elpastor.com\/tienda\/#website"},"datePublished":"2020-11-03T19:39:37+00:00","dateModified":"2025-09-18T08:21:19+00:00","description":"RULO DE QUESO DE CABRA MADURADO CON MOHO SABOR NATURAL. Caracter\u00edsticas: Color blanco homog\u00e9neo, sabor suave y agradable y textura untuosa, fundente.","breadcrumb":{"@id":"https:\/\/www.elpastor.com\/tienda\/producto\/rulo-madurado-cabra-1-kg\/#breadcrumb"},"inLanguage":"es","potentialAction":[{"@type":"ReadAction","target":["https:\/\/www.elpastor.com\/tienda\/producto\/rulo-madurado-cabra-1-kg\/"]}]},{"@type":"BreadcrumbList","@id":"https:\/\/www.elpastor.com\/tienda\/producto\/rulo-madurado-cabra-1-kg\/#breadcrumb","itemListElement":[{"@type":"ListItem","position":1,"name":"Portada","item":"https:\/\/www.elpastor.com\/tienda\/"},{"@type":"ListItem","position":2,"name":"Shop","item":"https:\/\/www.elpastor.com\/tienda\/d41d8-shop\/"},{"@type":"ListItem","position":3,"name":"RULO MADURADO CABRA 1 KG EL PASTOR"}]},{"@type":"WebSite","@id":"https:\/\/www.elpastor.com\/tienda\/#website","url":"https:\/\/www.elpastor.com\/tienda\/","name":"Quesos El Pastor - Tienda Online","description":"Un mundo lleno de sabores","publisher":{"@id":"https:\/\/www.elpastor.com\/tienda\/#organization"},"potentialAction":[{"@type":"SearchAction","target":{"@type":"EntryPoint","urlTemplate":"https:\/\/www.elpastor.com\/tienda\/?s={search_term_string}"},"query-input":"required name=search_term_string"}],"inLanguage":"es"},{"@type":"Organization","@id":"https:\/\/www.elpastor.com\/tienda\/#organization","name":"Quesos El Pastor - Tienda Online","url":"https:\/\/www.elpastor.com\/tienda\/","logo":{"@type":"ImageObject","inLanguage":"es","@id":"https:\/\/www.elpastor.com\/tienda\/#\/schema\/logo\/image\/","url":"https:\/\/www.elpastor.com\/tienda\/wp-content\/uploads\/2020\/08\/quesos-el-pastor-logo.png","contentUrl":"https:\/\/www.elpastor.com\/tienda\/wp-content\/uploads\/2020\/08\/quesos-el-pastor-logo.png","width":320,"height":215,"caption":"Quesos El Pastor - Tienda Online"},"image":{"@id":"https:\/\/www.elpastor.com\/tienda\/#\/schema\/logo\/image\/"}}]}},"_links":{"self":[{"href":"https:\/\/www.elpastor.com\/tienda\/wp-json\/wp\/v2\/product\/1275"}],"collection":[{"href":"https:\/\/www.elpastor.com\/tienda\/wp-json\/wp\/v2\/product"}],"about":[{"href":"https:\/\/www.elpastor.com\/tienda\/wp-json\/wp\/v2\/types\/product"}],"version-history":[{"count":4,"href":"https:\/\/www.elpastor.com\/tienda\/wp-json\/wp\/v2\/product\/1275\/revisions"}],"predecessor-version":[{"id":2776,"href":"https:\/\/www.elpastor.com\/tienda\/wp-json\/wp\/v2\/product\/1275\/revisions\/2776"}],"wp:featuredmedia":[{"embeddable":true,"href":"https:\/\/www.elpastor.com\/tienda\/wp-json\/wp\/v2\/media\/2771"}],"wp:attachment":[{"href":"https:\/\/www.elpastor.com\/tienda\/wp-json\/wp\/v2\/media?parent=1275"}],"wp:term":[{"taxonomy":"product_cat","embeddable":true,"href":"https:\/\/www.elpastor.com\/tienda\/wp-json\/wp\/v2\/product_cat?post=1275"},{"taxonomy":"product_tag","embeddable":true,"href":"https:\/\/www.elpastor.com\/tienda\/wp-json\/wp\/v2\/product_tag?post=1275"}],"curies":[{"name":"wp","href":"https:\/\/api.w.org\/{rel}","templated":true}]}}