{"id":1228,"date":"2020-10-29T18:34:16","date_gmt":"2020-10-29T18:34:16","guid":{"rendered":"https:\/\/www.elpastor.com\/tienda\/?post_type=product&#038;p=1228"},"modified":"2025-09-18T08:17:28","modified_gmt":"2025-09-18T08:17:28","slug":"tapas-250-grs-mezcla-semicurado-santtum","status":"publish","type":"product","link":"https:\/\/www.elpastor.com\/tienda\/producto\/tapas-250-grs-mezcla-semicurado-santtum\/","title":{"rendered":"TAPAS 250 GRS MEZCLA SEMICURADO SANTTUM"},"content":{"rendered":"<p>Ingredientes: LECHE pasteurizada de vaca (60% m\u00edn.), oveja (17% m\u00edn.), y cabra (12% m\u00edn.), sal, coagulante, secuestrante: cloruro c\u00e1lcico y FERMENTOS L\u00c1CTICOS. Origen de la leche: Espa\u00f1a.<\/p>\n<p>Caracter\u00edsticas: queso de pasta blanca porcelana, firme. Paladar suave con aroma de leche fresca. Ojos grandes e irregulares.<\/p>\n<p>&nbsp;<\/p>\n","protected":false},"excerpt":{"rendered":"<p>QUESO DE MEZCLA SEMICURADO.<\/p>\n<p>Figura de calidad <a href=\"http:\/\/www.tierradesabor.es\" target=\"_blank\" rel=\"noopener noreferrer\"><span style=\"color: #005195;\">Tierra de Sabor<\/span><\/a><\/p>\n<p>PREMIO: World Cheese Awards | Plata | 2021-22.<\/p>\n<p>Maduraci\u00f3n: 75 d\u00edas (+\/- 10 d\u00edas).<\/p>\n<p>Conservar refrigerado entre +2\u00baC y +8\u00baC.<\/p>\n<p>Atemperar 10 minutos antes de su consumo.<\/p>\n<p>&nbsp;<\/p>\n","protected":false},"featured_media":3668,"template":"","meta":{"neve_meta_sidebar":"","neve_meta_container":"","neve_meta_enable_content_width":"off","neve_meta_content_width":70,"neve_meta_title_alignment":"","neve_meta_author_avatar":"","neve_post_elements_order":"","neve_meta_disable_header":"","neve_meta_disable_footer":"","neve_meta_disable_title":""},"product_cat":[23],"product_tag":[53,115],"yoast_head":"<!-- This site is optimized with the Yoast SEO plugin v21.4 - https:\/\/yoast.com\/wordpress\/plugins\/seo\/ -->\n<title>TAPAS 250 GRS MEZCLA SEMICURADO SANTTUM - Quesos El Pastor - Tienda Online<\/title>\n<meta name=\"description\" content=\"QUESO DE MEZCLA SEMICURADO. Figura de calidad Tierra de Sabor. Caracter\u00edsticas: queso de pasta blanca porcelana, firme. Paladar suave con aroma de leche fresca. Ojos grandes e irregulares.\" \/>\n<meta name=\"robots\" content=\"index, follow, max-snippet:-1, max-image-preview:large, max-video-preview:-1\" \/>\n<link rel=\"canonical\" href=\"https:\/\/www.elpastor.com\/tienda\/producto\/tapas-250-grs-mezcla-semicurado-santtum\/\" \/>\n<meta property=\"og:locale\" content=\"es_ES\" \/>\n<meta property=\"og:type\" content=\"article\" \/>\n<meta property=\"og:title\" content=\"TAPAS 250 GRS MEZCLA SEMICURADO SANTTUM - Quesos El Pastor - Tienda Online\" \/>\n<meta property=\"og:description\" content=\"QUESO DE MEZCLA SEMICURADO. Figura de calidad Tierra de Sabor. Caracter\u00edsticas: queso de pasta blanca porcelana, firme. Paladar suave con aroma de leche fresca. Ojos grandes e irregulares.\" \/>\n<meta property=\"og:url\" content=\"https:\/\/www.elpastor.com\/tienda\/producto\/tapas-250-grs-mezcla-semicurado-santtum\/\" \/>\n<meta property=\"og:site_name\" content=\"Quesos El Pastor - Tienda Online\" \/>\n<meta property=\"article:modified_time\" content=\"2025-09-18T08:17:28+00:00\" \/>\n<meta property=\"og:image\" content=\"https:\/\/www.elpastor.com\/tienda\/wp-content\/uploads\/2020\/10\/1734-tapas-250g-mezcla-semicurado-santtum-tienda-online.jpg\" \/>\n\t<meta property=\"og:image:width\" content=\"1200\" \/>\n\t<meta property=\"og:image:height\" content=\"1200\" \/>\n\t<meta property=\"og:image:type\" content=\"image\/jpeg\" \/>\n<meta name=\"twitter:card\" content=\"summary_large_image\" \/>\n<meta name=\"twitter:label1\" content=\"Tiempo de lectura\" \/>\n\t<meta name=\"twitter:data1\" content=\"1 minuto\" \/>\n<!-- \/ Yoast SEO plugin. -->","yoast_head_json":{"title":"TAPAS 250 GRS MEZCLA SEMICURADO SANTTUM - Quesos El Pastor - Tienda Online","description":"QUESO DE MEZCLA SEMICURADO. Figura de calidad Tierra de Sabor. Caracter\u00edsticas: queso de pasta blanca porcelana, firme. Paladar suave con aroma de leche fresca. Ojos grandes e irregulares.","robots":{"index":"index","follow":"follow","max-snippet":"max-snippet:-1","max-image-preview":"max-image-preview:large","max-video-preview":"max-video-preview:-1"},"canonical":"https:\/\/www.elpastor.com\/tienda\/producto\/tapas-250-grs-mezcla-semicurado-santtum\/","og_locale":"es_ES","og_type":"article","og_title":"TAPAS 250 GRS MEZCLA SEMICURADO SANTTUM - Quesos El Pastor - Tienda Online","og_description":"QUESO DE MEZCLA SEMICURADO. Figura de calidad Tierra de Sabor. Caracter\u00edsticas: queso de pasta blanca porcelana, firme. Paladar suave con aroma de leche fresca. Ojos grandes e irregulares.","og_url":"https:\/\/www.elpastor.com\/tienda\/producto\/tapas-250-grs-mezcla-semicurado-santtum\/","og_site_name":"Quesos El Pastor - Tienda Online","article_modified_time":"2025-09-18T08:17:28+00:00","og_image":[{"width":1200,"height":1200,"url":"https:\/\/www.elpastor.com\/tienda\/wp-content\/uploads\/2020\/10\/1734-tapas-250g-mezcla-semicurado-santtum-tienda-online.jpg","type":"image\/jpeg"}],"twitter_card":"summary_large_image","twitter_misc":{"Tiempo de lectura":"1 minuto"},"schema":{"@context":"https:\/\/schema.org","@graph":[{"@type":"WebPage","@id":"https:\/\/www.elpastor.com\/tienda\/producto\/tapas-250-grs-mezcla-semicurado-santtum\/","url":"https:\/\/www.elpastor.com\/tienda\/producto\/tapas-250-grs-mezcla-semicurado-santtum\/","name":"TAPAS 250 GRS MEZCLA SEMICURADO SANTTUM - Quesos El Pastor - Tienda Online","isPartOf":{"@id":"https:\/\/www.elpastor.com\/tienda\/#website"},"datePublished":"2020-10-29T18:34:16+00:00","dateModified":"2025-09-18T08:17:28+00:00","description":"QUESO DE MEZCLA SEMICURADO. Figura de calidad Tierra de Sabor. Caracter\u00edsticas: queso de pasta blanca porcelana, firme. Paladar suave con aroma de leche fresca. Ojos grandes e irregulares.","breadcrumb":{"@id":"https:\/\/www.elpastor.com\/tienda\/producto\/tapas-250-grs-mezcla-semicurado-santtum\/#breadcrumb"},"inLanguage":"es","potentialAction":[{"@type":"ReadAction","target":["https:\/\/www.elpastor.com\/tienda\/producto\/tapas-250-grs-mezcla-semicurado-santtum\/"]}]},{"@type":"BreadcrumbList","@id":"https:\/\/www.elpastor.com\/tienda\/producto\/tapas-250-grs-mezcla-semicurado-santtum\/#breadcrumb","itemListElement":[{"@type":"ListItem","position":1,"name":"Portada","item":"https:\/\/www.elpastor.com\/tienda\/"},{"@type":"ListItem","position":2,"name":"Shop","item":"https:\/\/www.elpastor.com\/tienda\/d41d8-shop\/"},{"@type":"ListItem","position":3,"name":"TAPAS 250 GRS MEZCLA SEMICURADO SANTTUM"}]},{"@type":"WebSite","@id":"https:\/\/www.elpastor.com\/tienda\/#website","url":"https:\/\/www.elpastor.com\/tienda\/","name":"Quesos El Pastor - Tienda Online","description":"Un mundo lleno de sabores","publisher":{"@id":"https:\/\/www.elpastor.com\/tienda\/#organization"},"potentialAction":[{"@type":"SearchAction","target":{"@type":"EntryPoint","urlTemplate":"https:\/\/www.elpastor.com\/tienda\/?s={search_term_string}"},"query-input":"required name=search_term_string"}],"inLanguage":"es"},{"@type":"Organization","@id":"https:\/\/www.elpastor.com\/tienda\/#organization","name":"Quesos El Pastor - Tienda Online","url":"https:\/\/www.elpastor.com\/tienda\/","logo":{"@type":"ImageObject","inLanguage":"es","@id":"https:\/\/www.elpastor.com\/tienda\/#\/schema\/logo\/image\/","url":"https:\/\/www.elpastor.com\/tienda\/wp-content\/uploads\/2020\/08\/quesos-el-pastor-logo.png","contentUrl":"https:\/\/www.elpastor.com\/tienda\/wp-content\/uploads\/2020\/08\/quesos-el-pastor-logo.png","width":320,"height":215,"caption":"Quesos El Pastor - Tienda Online"},"image":{"@id":"https:\/\/www.elpastor.com\/tienda\/#\/schema\/logo\/image\/"}}]}},"_links":{"self":[{"href":"https:\/\/www.elpastor.com\/tienda\/wp-json\/wp\/v2\/product\/1228"}],"collection":[{"href":"https:\/\/www.elpastor.com\/tienda\/wp-json\/wp\/v2\/product"}],"about":[{"href":"https:\/\/www.elpastor.com\/tienda\/wp-json\/wp\/v2\/types\/product"}],"version-history":[{"count":4,"href":"https:\/\/www.elpastor.com\/tienda\/wp-json\/wp\/v2\/product\/1228\/revisions"}],"predecessor-version":[{"id":2321,"href":"https:\/\/www.elpastor.com\/tienda\/wp-json\/wp\/v2\/product\/1228\/revisions\/2321"}],"wp:featuredmedia":[{"embeddable":true,"href":"https:\/\/www.elpastor.com\/tienda\/wp-json\/wp\/v2\/media\/3668"}],"wp:attachment":[{"href":"https:\/\/www.elpastor.com\/tienda\/wp-json\/wp\/v2\/media?parent=1228"}],"wp:term":[{"taxonomy":"product_cat","embeddable":true,"href":"https:\/\/www.elpastor.com\/tienda\/wp-json\/wp\/v2\/product_cat?post=1228"},{"taxonomy":"product_tag","embeddable":true,"href":"https:\/\/www.elpastor.com\/tienda\/wp-json\/wp\/v2\/product_tag?post=1228"}],"curies":[{"name":"wp","href":"https:\/\/api.w.org\/{rel}","templated":true}]}}