{"id":1171,"date":"2020-11-14T12:26:52","date_gmt":"2020-11-14T12:26:52","guid":{"rendered":"https:\/\/www.elpastor.com\/tienda\/?post_type=product&#038;p=1171"},"modified":"2025-01-03T11:21:32","modified_gmt":"2025-01-03T11:21:32","slug":"lonchas-80-grs-mezcla-picante","status":"publish","type":"product","link":"https:\/\/www.elpastor.com\/tienda\/producto\/lonchas-80-grs-mezcla-picante\/","title":{"rendered":"LONCHAS 80 GRS QUESO MEZCLA PICANTE EL PASTOR"},"content":{"rendered":"<div class=\"page\" title=\"Page 54\">\n<div class=\"section\">\n<div class=\"layoutArea\">\n<div class=\"column\">\n<p>Producto pensado especialmente para hamburguesas.<\/p>\n<\/div>\n<\/div>\n<\/div>\n<\/div>\n<p>Ingredientes: LECHE\u00a0desnatada pasteurizada de vaca (65% min.), LECHE pasteurizada de oveja (10% m\u00edn),\u00a0LECHE pasteurizada de cabra (10% m\u00edn), sal, aj\u00ed, cuajo microbiano y FERMENTOS L\u00c1CTICOS.\u00a0Origen de la leche: Espa\u00f1a.<\/p>\n<p>Caracter\u00edsticas: c<span class=\"fw-700\">olor interno:<\/span> Amarillo con motas rojas. <span class=\"fw-700\">Olor:<\/span> Suave. <span class=\"fw-700\">Sabor:<\/span> Picante. <span class=\"fw-700\">Textura:<\/span> Cremoso en el paladar.<\/p>\n<p>&nbsp;<\/p>\n","protected":false},"excerpt":{"rendered":"<p>QUESO DE MEZCLA PICANTE &#8211; ESPECIAL HAMBURGUESAS.<\/p>\n<p>SIN CONSERVANTES.<\/p>\n<p>Figura de calidad<span style=\"color: #005195;\"> <a style=\"color: #005195;\" href=\"http:\/\/www.tierradesabor.es\" target=\"_blank\" rel=\"noopener noreferrer\">Tierra de Sabor<\/a><\/span><\/p>\n<div class=\"page\" title=\"Page 53\">\n<div class=\"section\">\n<div class=\"layoutArea\">\n<div class=\"column\">\n<p>Nuevo envase con menos pla\u0301stico y ma\u0301s sostenible: 100% RECICLABLE.<\/p>\n<div class=\"page\" title=\"Page 54\">\n<div class=\"section\">\n<div class=\"layoutArea\">\n<div class=\"column\">\n<p>Puedes disfrutar del queso de barra en formato loncheado. Envases pra\u0301cticos con abre fa\u0301cil.<\/p>\n<\/div>\n<\/div>\n<\/div>\n<\/div>\n<\/div>\n<\/div>\n<\/div>\n<\/div>\n<p>Conservar refrigerado entre +2\u00baC y +8\u00baC.<\/p>\n<p>Atemperar 10 minutos antes de su consumo.<\/p>\n<p>&nbsp;<\/p>\n","protected":false},"featured_media":2813,"template":"","meta":{"neve_meta_sidebar":"","neve_meta_container":"","neve_meta_enable_content_width":"off","neve_meta_content_width":70,"neve_meta_title_alignment":"","neve_meta_author_avatar":"","neve_post_elements_order":"","neve_meta_disable_header":"","neve_meta_disable_footer":"","neve_meta_disable_title":""},"product_cat":[30],"product_tag":[85,87],"yoast_head":"<!-- This site is optimized with the Yoast SEO plugin v21.4 - https:\/\/yoast.com\/wordpress\/plugins\/seo\/ -->\n<title>LONCHAS 80 GRS QUESO MEZCLA PICANTE EL PASTOR - Quesos El Pastor - Tienda Online<\/title>\n<meta name=\"description\" content=\"QUESO DE MEZCLA PICANTE - ESPECIAL HAMBURGUESAS. SIN CONSERVANTES. Figura de calidad Tierra de Sabor. Nuevo envase con menos pla\u0301stico y ma\u0301s sostenible: 100% RECICLABLE.\" \/>\n<meta name=\"robots\" content=\"index, follow, max-snippet:-1, max-image-preview:large, max-video-preview:-1\" \/>\n<link rel=\"canonical\" href=\"https:\/\/www.elpastor.com\/tienda\/producto\/lonchas-80-grs-mezcla-picante\/\" \/>\n<meta property=\"og:locale\" content=\"es_ES\" \/>\n<meta property=\"og:type\" content=\"article\" \/>\n<meta property=\"og:title\" content=\"LONCHAS 80 GRS QUESO MEZCLA PICANTE EL PASTOR - Quesos El Pastor - Tienda Online\" \/>\n<meta property=\"og:description\" content=\"QUESO DE MEZCLA PICANTE - ESPECIAL HAMBURGUESAS. SIN CONSERVANTES. Figura de calidad Tierra de Sabor. Nuevo envase con menos pla\u0301stico y ma\u0301s sostenible: 100% RECICLABLE.\" \/>\n<meta property=\"og:url\" content=\"https:\/\/www.elpastor.com\/tienda\/producto\/lonchas-80-grs-mezcla-picante\/\" \/>\n<meta property=\"og:site_name\" content=\"Quesos El Pastor - Tienda Online\" \/>\n<meta property=\"article:modified_time\" content=\"2025-01-03T11:21:32+00:00\" \/>\n<meta property=\"og:image\" content=\"https:\/\/www.elpastor.com\/tienda\/wp-content\/uploads\/2020\/11\/2742-loncha-picante-80g-tienda-online.jpg\" \/>\n\t<meta property=\"og:image:width\" content=\"1200\" \/>\n\t<meta property=\"og:image:height\" content=\"1200\" \/>\n\t<meta property=\"og:image:type\" content=\"image\/jpeg\" \/>\n<meta name=\"twitter:card\" content=\"summary_large_image\" \/>\n<meta name=\"twitter:label1\" content=\"Tiempo de lectura\" \/>\n\t<meta name=\"twitter:data1\" content=\"1 minuto\" \/>\n<!-- \/ Yoast SEO plugin. -->","yoast_head_json":{"title":"LONCHAS 80 GRS QUESO MEZCLA PICANTE EL PASTOR - Quesos El Pastor - Tienda Online","description":"QUESO DE MEZCLA PICANTE - ESPECIAL HAMBURGUESAS. SIN CONSERVANTES. Figura de calidad Tierra de Sabor. Nuevo envase con menos pla\u0301stico y ma\u0301s sostenible: 100% RECICLABLE.","robots":{"index":"index","follow":"follow","max-snippet":"max-snippet:-1","max-image-preview":"max-image-preview:large","max-video-preview":"max-video-preview:-1"},"canonical":"https:\/\/www.elpastor.com\/tienda\/producto\/lonchas-80-grs-mezcla-picante\/","og_locale":"es_ES","og_type":"article","og_title":"LONCHAS 80 GRS QUESO MEZCLA PICANTE EL PASTOR - Quesos El Pastor - Tienda Online","og_description":"QUESO DE MEZCLA PICANTE - ESPECIAL HAMBURGUESAS. SIN CONSERVANTES. Figura de calidad Tierra de Sabor. Nuevo envase con menos pla\u0301stico y ma\u0301s sostenible: 100% RECICLABLE.","og_url":"https:\/\/www.elpastor.com\/tienda\/producto\/lonchas-80-grs-mezcla-picante\/","og_site_name":"Quesos El Pastor - Tienda Online","article_modified_time":"2025-01-03T11:21:32+00:00","og_image":[{"width":1200,"height":1200,"url":"https:\/\/www.elpastor.com\/tienda\/wp-content\/uploads\/2020\/11\/2742-loncha-picante-80g-tienda-online.jpg","type":"image\/jpeg"}],"twitter_card":"summary_large_image","twitter_misc":{"Tiempo de lectura":"1 minuto"},"schema":{"@context":"https:\/\/schema.org","@graph":[{"@type":"WebPage","@id":"https:\/\/www.elpastor.com\/tienda\/producto\/lonchas-80-grs-mezcla-picante\/","url":"https:\/\/www.elpastor.com\/tienda\/producto\/lonchas-80-grs-mezcla-picante\/","name":"LONCHAS 80 GRS QUESO MEZCLA PICANTE EL PASTOR - Quesos El Pastor - Tienda Online","isPartOf":{"@id":"https:\/\/www.elpastor.com\/tienda\/#website"},"datePublished":"2020-11-14T12:26:52+00:00","dateModified":"2025-01-03T11:21:32+00:00","description":"QUESO DE MEZCLA PICANTE - ESPECIAL HAMBURGUESAS. SIN CONSERVANTES. Figura de calidad Tierra de Sabor. Nuevo envase con menos pla\u0301stico y ma\u0301s sostenible: 100% RECICLABLE.","breadcrumb":{"@id":"https:\/\/www.elpastor.com\/tienda\/producto\/lonchas-80-grs-mezcla-picante\/#breadcrumb"},"inLanguage":"es","potentialAction":[{"@type":"ReadAction","target":["https:\/\/www.elpastor.com\/tienda\/producto\/lonchas-80-grs-mezcla-picante\/"]}]},{"@type":"BreadcrumbList","@id":"https:\/\/www.elpastor.com\/tienda\/producto\/lonchas-80-grs-mezcla-picante\/#breadcrumb","itemListElement":[{"@type":"ListItem","position":1,"name":"Portada","item":"https:\/\/www.elpastor.com\/tienda\/"},{"@type":"ListItem","position":2,"name":"Shop","item":"https:\/\/www.elpastor.com\/tienda\/d41d8-shop\/"},{"@type":"ListItem","position":3,"name":"LONCHAS 80 GRS QUESO MEZCLA PICANTE EL PASTOR"}]},{"@type":"WebSite","@id":"https:\/\/www.elpastor.com\/tienda\/#website","url":"https:\/\/www.elpastor.com\/tienda\/","name":"Quesos El Pastor - Tienda Online","description":"Un mundo lleno de sabores","publisher":{"@id":"https:\/\/www.elpastor.com\/tienda\/#organization"},"potentialAction":[{"@type":"SearchAction","target":{"@type":"EntryPoint","urlTemplate":"https:\/\/www.elpastor.com\/tienda\/?s={search_term_string}"},"query-input":"required name=search_term_string"}],"inLanguage":"es"},{"@type":"Organization","@id":"https:\/\/www.elpastor.com\/tienda\/#organization","name":"Quesos El Pastor - Tienda Online","url":"https:\/\/www.elpastor.com\/tienda\/","logo":{"@type":"ImageObject","inLanguage":"es","@id":"https:\/\/www.elpastor.com\/tienda\/#\/schema\/logo\/image\/","url":"https:\/\/www.elpastor.com\/tienda\/wp-content\/uploads\/2020\/08\/quesos-el-pastor-logo.png","contentUrl":"https:\/\/www.elpastor.com\/tienda\/wp-content\/uploads\/2020\/08\/quesos-el-pastor-logo.png","width":320,"height":215,"caption":"Quesos El Pastor - Tienda Online"},"image":{"@id":"https:\/\/www.elpastor.com\/tienda\/#\/schema\/logo\/image\/"}}]}},"_links":{"self":[{"href":"https:\/\/www.elpastor.com\/tienda\/wp-json\/wp\/v2\/product\/1171"}],"collection":[{"href":"https:\/\/www.elpastor.com\/tienda\/wp-json\/wp\/v2\/product"}],"about":[{"href":"https:\/\/www.elpastor.com\/tienda\/wp-json\/wp\/v2\/types\/product"}],"version-history":[{"count":3,"href":"https:\/\/www.elpastor.com\/tienda\/wp-json\/wp\/v2\/product\/1171\/revisions"}],"predecessor-version":[{"id":2814,"href":"https:\/\/www.elpastor.com\/tienda\/wp-json\/wp\/v2\/product\/1171\/revisions\/2814"}],"wp:featuredmedia":[{"embeddable":true,"href":"https:\/\/www.elpastor.com\/tienda\/wp-json\/wp\/v2\/media\/2813"}],"wp:attachment":[{"href":"https:\/\/www.elpastor.com\/tienda\/wp-json\/wp\/v2\/media?parent=1171"}],"wp:term":[{"taxonomy":"product_cat","embeddable":true,"href":"https:\/\/www.elpastor.com\/tienda\/wp-json\/wp\/v2\/product_cat?post=1171"},{"taxonomy":"product_tag","embeddable":true,"href":"https:\/\/www.elpastor.com\/tienda\/wp-json\/wp\/v2\/product_tag?post=1171"}],"curies":[{"name":"wp","href":"https:\/\/api.w.org\/{rel}","templated":true}]}}