{"id":1104,"date":"2020-10-16T10:17:15","date_gmt":"2020-10-16T10:17:15","guid":{"rendered":"https:\/\/www.elpastor.com\/tienda\/?page_id=1104"},"modified":"2024-01-01T09:11:26","modified_gmt":"2024-01-01T09:11:26","slug":"preguntas-mas-frecuentes","status":"publish","type":"page","link":"https:\/\/www.elpastor.com\/tienda\/preguntas-mas-frecuentes\/","title":{"rendered":"Preguntas m\u00e1s frecuentes"},"content":{"rendered":"\t\t<div data-elementor-type=\"wp-page\" data-elementor-id=\"1104\" class=\"elementor elementor-1104\">\n\t\t\t\t\t\t<div class=\"elementor-inner\">\n\t\t\t\t<div class=\"elementor-section-wrap\">\n\t\t\t\t\t\t\t\t\t<section class=\"elementor-section elementor-top-section elementor-element elementor-element-36fc6a1 elementor-section-boxed elementor-section-height-default elementor-section-height-default\" data-id=\"36fc6a1\" data-element_type=\"section\">\n\t\t\t\t\t\t<div class=\"elementor-container elementor-column-gap-default\">\n\t\t\t\t\t\t\t<div class=\"elementor-row\">\n\t\t\t\t\t<div class=\"elementor-column elementor-col-100 elementor-top-column elementor-element elementor-element-f31226a\" data-id=\"f31226a\" data-element_type=\"column\">\n\t\t\t<div class=\"elementor-column-wrap elementor-element-populated\">\n\t\t\t\t\t\t\t<div class=\"elementor-widget-wrap\">\n\t\t\t\t\t\t<div class=\"elementor-element elementor-element-3c1e1df elementor-widget elementor-widget-heading\" data-id=\"3c1e1df\" data-element_type=\"widget\" data-widget_type=\"heading.default\">\n\t\t\t\t<div class=\"elementor-widget-container\">\n\t\t\t<h2 class=\"elementor-heading-title elementor-size-default\">PREGUNTAS M\u00c1S FRECUENTES<\/h2>\t\t<\/div>\n\t\t\t\t<\/div>\n\t\t\t\t\t\t<\/div>\n\t\t\t\t\t<\/div>\n\t\t<\/div>\n\t\t\t\t\t\t\t\t<\/div>\n\t\t\t\t\t<\/div>\n\t\t<\/section>\n\t\t\t\t<section class=\"elementor-section elementor-top-section elementor-element elementor-element-671bc95 elementor-section-boxed elementor-section-height-default elementor-section-height-default\" data-id=\"671bc95\" data-element_type=\"section\">\n\t\t\t\t\t\t<div class=\"elementor-container elementor-column-gap-default\">\n\t\t\t\t\t\t\t<div class=\"elementor-row\">\n\t\t\t\t\t<div class=\"elementor-column elementor-col-100 elementor-top-column elementor-element elementor-element-4bbc682\" data-id=\"4bbc682\" data-element_type=\"column\">\n\t\t\t<div class=\"elementor-column-wrap elementor-element-populated\">\n\t\t\t\t\t\t\t<div class=\"elementor-widget-wrap\">\n\t\t\t\t\t\t<div class=\"elementor-element elementor-element-755eb2b elementor-widget elementor-widget-text-editor\" data-id=\"755eb2b\" data-element_type=\"widget\" data-widget_type=\"text-editor.default\">\n\t\t\t\t<div class=\"elementor-widget-container\">\n\t\t\t\t\t\t\t\t<div class=\"elementor-text-editor elementor-clearfix\">\n\t\t\t\t<p><strong>\u00bfC\u00f3mo puedo comprar en la tienda de Quesos El Pastor?<\/strong><br>Puedes comprar en nuestra tienda online <a href=\"https:\/\/www.elpastor.com\/tienda\/\">https:\/\/www.elpastor.com\/tienda\/<\/a>, tambi\u00e9n puedes acceder desde nuestra p\u00e1gina web <a href=\"http:\/\/www.elpastor.com\">www.elpastor.com<\/a><\/p>\n<p><strong>\u00bfExiste un m\u00ednimo de compra?<\/strong><br>No existe un m\u00ednimo de compra.<\/p>\n<p><strong>\u00bfCu\u00e1l es el precio de los productos?<\/strong><br>El precio de los productos son los que figura en la tienda online en el momento de hacer el pedido. Los precios tienen el IVA incluido.<\/p>\n<p><strong>\u00bfD\u00f3nde puedo recibir el pedido?<\/strong><br>Puedes recibir el pedido en la direcci\u00f3n que indiques de facturaci\u00f3n o en una segunda direcci\u00f3n que se suele utilizar para realizar regalos o enviar a una direcci\u00f3n en la cual nos garantice la presencia de una persona para la recogida del env\u00edo.<\/p>\n<p><strong>\u00bfA qu\u00e9 zonas se sirve mercanc\u00eda?<\/strong><br>Servimos mercanc\u00eda en Espa\u00f1a peninsular y Baleares.<\/p>\n<p><strong>\u00bfEs un producto alimenticio, en qu\u00e9 condiciones se env\u00eda?<\/strong><br>El servicio se hace refrigerado, el producto viaja a una temperatura \u00f3ptima de conservaci\u00f3n entre +2\u00baC y +8\u00baC.<\/p>\n<p><strong>\u00bfCu\u00e1nto tardan en servirme el pedido?<\/strong><br>Se entrega en un m\u00e1ximo de 96 horas desde confirmaci\u00f3n de recepci\u00f3n del pedido.<\/p>\n<p><strong>\u00bfCu\u00e1nto cuesta el env\u00edo? <\/strong><br>8 \u20ac + IVA.<br><span style=\"letter-spacing: 0px;\">Los portes son gratis a partir de 40 \u20ac de compra.<\/span><br><\/p>\n<p><strong>\u00bfPuedo enviar el pedido a una tercera persona como regalo?<\/strong><br>S\u00ed, puedes indicar una direcci\u00f3n de entrega diferente a la de facturaci\u00f3n.<\/p>\n<p><strong>\u00bfQu\u00e9 pasa si no estoy en casa cuando van a entregarme el pedido?<\/strong><br>La agencia de transporte llamar\u00e1 al tel\u00e9fono de contacto que se facilit\u00f3 al darse de alta como cliente para fijar una hora de entrega.<\/p>\n<p><strong>\u00bfC\u00f3mo puedo pagar?<\/strong><br>Se puede pagar con cualquier tarjeta de cr\u00e9dito o d\u00e9bito.<\/p>\n<p><strong>\u00bfEl pago es seguro?<\/strong><br>Utilizamos el sistema Redsys utilizado por la mayor parte de los grandes bancos. Si quieres ampliar informaci\u00f3n visita la p\u00e1gina <a href=\"http:\/\/www.redsys.com\" target=\"_blank\" rel=\"noopener\">www.redsys.com<\/a>.<\/p>\n<p><strong>\u00bfPor qu\u00e9 me pueden rechazar el pago con tarjeta?<\/strong><br>Los motivos m\u00e1s comunes son:<br>&#8211; La tarjeta est\u00e1 caducada.<br>&#8211; La tarjeta tiene limitado el pago.<br>&#8211; Campos mal cumplimentados de los datos de la tarjeta.<br>&#8211; El banco no la autoriza.<\/p>\n<p><strong>\u00bfPuedo solicitar factura?<\/strong><br>S\u00ed se puede solicitar factura.<\/p>\n<p><strong>\u00bfPuedo devolver un producto?<\/strong><br>S\u00ed se puede devolver un producto dentro de las 24 h siguientes a la entrega, en los siguientes casos:<br>&#8211; El producto est\u00e1 en mal estado<br>&#8211; La mercanc\u00eda entregada no coincide con la pedida.<\/p>\n<p><strong>\u00bfC\u00f3mo s\u00e9 si se ha cursado el pedido?<\/strong><br>Recibir\u00e1s dos correos electr\u00f3nicos o SMS. Uno, cuando recibamos tu pedido, confirmando dicha recepci\u00f3n. Otro, en el momento en que realicemos el env\u00edo.<\/p>\t\t\t\t\t<\/div>\n\t\t\t\t\t\t<\/div>\n\t\t\t\t<\/div>\n\t\t\t\t\t\t<\/div>\n\t\t\t\t\t<\/div>\n\t\t<\/div>\n\t\t\t\t\t\t\t\t<\/div>\n\t\t\t\t\t<\/div>\n\t\t<\/section>\n\t\t\t\t\t\t\t\t\t<\/div>\n\t\t\t<\/div>\n\t\t\t\t\t<\/div>\n\t\t","protected":false},"excerpt":{"rendered":"<p>PREGUNTAS M\u00c1S FRECUENTES \u00bfC\u00f3mo puedo comprar en la tienda de Quesos El Pastor?Puedes comprar en nuestra tienda online https:\/\/www.elpastor.com\/tienda\/, tambi\u00e9n puedes acceder desde nuestra p\u00e1gina web www.elpastor.com \u00bfExiste un m\u00ednimo de compra?No existe un m\u00ednimo de compra. \u00bfCu\u00e1l es el precio de los productos?El precio de los productos son los que figura en la tienda&hellip;&nbsp;<a href=\"https:\/\/www.elpastor.com\/tienda\/preguntas-mas-frecuentes\/\" class=\"\" rel=\"bookmark\">Leer m\u00e1s &raquo;<span class=\"screen-reader-text\">Preguntas m\u00e1s frecuentes<\/span><\/a><\/p>\n","protected":false},"author":1,"featured_media":0,"parent":0,"menu_order":0,"comment_status":"closed","ping_status":"open","template":"page-templates\/template-pagebuilder-full-width.php","meta":{"neve_meta_sidebar":"","neve_meta_container":"","neve_meta_enable_content_width":"off","neve_meta_content_width":0,"neve_meta_title_alignment":"","neve_meta_author_avatar":"","neve_post_elements_order":"","neve_meta_disable_header":"","neve_meta_disable_footer":"","neve_meta_disable_title":"","footnotes":""},"yoast_head":"<!-- This site is optimized with the Yoast SEO plugin v21.4 - https:\/\/yoast.com\/wordpress\/plugins\/seo\/ -->\n<title>Preguntas m\u00e1s frecuentes - Quesos El Pastor - Tienda Online<\/title>\n<meta name=\"robots\" content=\"index, follow, max-snippet:-1, max-image-preview:large, max-video-preview:-1\" \/>\n<link rel=\"canonical\" href=\"https:\/\/www.elpastor.com\/tienda\/preguntas-mas-frecuentes\/\" \/>\n<meta property=\"og:locale\" content=\"es_ES\" \/>\n<meta property=\"og:type\" content=\"article\" \/>\n<meta property=\"og:title\" content=\"Preguntas m\u00e1s frecuentes - Quesos El Pastor - Tienda Online\" \/>\n<meta property=\"og:description\" content=\"PREGUNTAS M\u00c1S FRECUENTES \u00bfC\u00f3mo puedo comprar en la tienda de Quesos El Pastor?Puedes comprar en nuestra tienda online https:\/\/www.elpastor.com\/tienda\/, tambi\u00e9n puedes acceder desde nuestra p\u00e1gina web www.elpastor.com \u00bfExiste un m\u00ednimo de compra?No existe un m\u00ednimo de compra. \u00bfCu\u00e1l es el precio de los productos?El precio de los productos son los que figura en la tienda&hellip;&nbsp;Leer m\u00e1s &raquo;Preguntas m\u00e1s frecuentes\" \/>\n<meta property=\"og:url\" content=\"https:\/\/www.elpastor.com\/tienda\/preguntas-mas-frecuentes\/\" \/>\n<meta property=\"og:site_name\" content=\"Quesos El Pastor - Tienda Online\" \/>\n<meta property=\"article:modified_time\" content=\"2024-01-01T09:11:26+00:00\" \/>\n<meta name=\"twitter:card\" content=\"summary_large_image\" \/>\n<meta name=\"twitter:label1\" content=\"Tiempo de lectura\" \/>\n\t<meta name=\"twitter:data1\" content=\"2 minutos\" \/>\n<!-- \/ Yoast SEO plugin. -->","yoast_head_json":{"title":"Preguntas m\u00e1s frecuentes - Quesos El Pastor - Tienda Online","robots":{"index":"index","follow":"follow","max-snippet":"max-snippet:-1","max-image-preview":"max-image-preview:large","max-video-preview":"max-video-preview:-1"},"canonical":"https:\/\/www.elpastor.com\/tienda\/preguntas-mas-frecuentes\/","og_locale":"es_ES","og_type":"article","og_title":"Preguntas m\u00e1s frecuentes - Quesos El Pastor - Tienda Online","og_description":"PREGUNTAS M\u00c1S FRECUENTES \u00bfC\u00f3mo puedo comprar en la tienda de Quesos El Pastor?Puedes comprar en nuestra tienda online https:\/\/www.elpastor.com\/tienda\/, tambi\u00e9n puedes acceder desde nuestra p\u00e1gina web www.elpastor.com \u00bfExiste un m\u00ednimo de compra?No existe un m\u00ednimo de compra. \u00bfCu\u00e1l es el precio de los productos?El precio de los productos son los que figura en la tienda&hellip;&nbsp;Leer m\u00e1s &raquo;Preguntas m\u00e1s frecuentes","og_url":"https:\/\/www.elpastor.com\/tienda\/preguntas-mas-frecuentes\/","og_site_name":"Quesos El Pastor - Tienda Online","article_modified_time":"2024-01-01T09:11:26+00:00","twitter_card":"summary_large_image","twitter_misc":{"Tiempo de lectura":"2 minutos"},"schema":{"@context":"https:\/\/schema.org","@graph":[{"@type":"WebPage","@id":"https:\/\/www.elpastor.com\/tienda\/preguntas-mas-frecuentes\/","url":"https:\/\/www.elpastor.com\/tienda\/preguntas-mas-frecuentes\/","name":"Preguntas m\u00e1s frecuentes - Quesos El Pastor - Tienda Online","isPartOf":{"@id":"https:\/\/www.elpastor.com\/tienda\/#website"},"datePublished":"2020-10-16T10:17:15+00:00","dateModified":"2024-01-01T09:11:26+00:00","breadcrumb":{"@id":"https:\/\/www.elpastor.com\/tienda\/preguntas-mas-frecuentes\/#breadcrumb"},"inLanguage":"es","potentialAction":[{"@type":"ReadAction","target":["https:\/\/www.elpastor.com\/tienda\/preguntas-mas-frecuentes\/"]}]},{"@type":"BreadcrumbList","@id":"https:\/\/www.elpastor.com\/tienda\/preguntas-mas-frecuentes\/#breadcrumb","itemListElement":[{"@type":"ListItem","position":1,"name":"Portada","item":"https:\/\/www.elpastor.com\/tienda\/"},{"@type":"ListItem","position":2,"name":"Preguntas m\u00e1s frecuentes"}]},{"@type":"WebSite","@id":"https:\/\/www.elpastor.com\/tienda\/#website","url":"https:\/\/www.elpastor.com\/tienda\/","name":"Quesos El Pastor - Tienda Online","description":"Un mundo lleno de sabores","publisher":{"@id":"https:\/\/www.elpastor.com\/tienda\/#organization"},"potentialAction":[{"@type":"SearchAction","target":{"@type":"EntryPoint","urlTemplate":"https:\/\/www.elpastor.com\/tienda\/?s={search_term_string}"},"query-input":"required name=search_term_string"}],"inLanguage":"es"},{"@type":"Organization","@id":"https:\/\/www.elpastor.com\/tienda\/#organization","name":"Quesos El Pastor - Tienda Online","url":"https:\/\/www.elpastor.com\/tienda\/","logo":{"@type":"ImageObject","inLanguage":"es","@id":"https:\/\/www.elpastor.com\/tienda\/#\/schema\/logo\/image\/","url":"https:\/\/www.elpastor.com\/tienda\/wp-content\/uploads\/2020\/08\/quesos-el-pastor-logo.png","contentUrl":"https:\/\/www.elpastor.com\/tienda\/wp-content\/uploads\/2020\/08\/quesos-el-pastor-logo.png","width":320,"height":215,"caption":"Quesos El Pastor - Tienda Online"},"image":{"@id":"https:\/\/www.elpastor.com\/tienda\/#\/schema\/logo\/image\/"}}]}},"_links":{"self":[{"href":"https:\/\/www.elpastor.com\/tienda\/wp-json\/wp\/v2\/pages\/1104"}],"collection":[{"href":"https:\/\/www.elpastor.com\/tienda\/wp-json\/wp\/v2\/pages"}],"about":[{"href":"https:\/\/www.elpastor.com\/tienda\/wp-json\/wp\/v2\/types\/page"}],"author":[{"embeddable":true,"href":"https:\/\/www.elpastor.com\/tienda\/wp-json\/wp\/v2\/users\/1"}],"replies":[{"embeddable":true,"href":"https:\/\/www.elpastor.com\/tienda\/wp-json\/wp\/v2\/comments?post=1104"}],"version-history":[{"count":10,"href":"https:\/\/www.elpastor.com\/tienda\/wp-json\/wp\/v2\/pages\/1104\/revisions"}],"predecessor-version":[{"id":3165,"href":"https:\/\/www.elpastor.com\/tienda\/wp-json\/wp\/v2\/pages\/1104\/revisions\/3165"}],"wp:attachment":[{"href":"https:\/\/www.elpastor.com\/tienda\/wp-json\/wp\/v2\/media?parent=1104"}],"curies":[{"name":"wp","href":"https:\/\/api.w.org\/{rel}","templated":true}]}}