{"id":1098,"date":"2020-10-16T10:05:44","date_gmt":"2020-10-16T10:05:44","guid":{"rendered":"https:\/\/www.elpastor.com\/tienda\/?page_id=1098"},"modified":"2024-01-01T09:09:58","modified_gmt":"2024-01-01T09:09:58","slug":"condiciones-de-compra","status":"publish","type":"page","link":"https:\/\/www.elpastor.com\/tienda\/condiciones-de-compra\/","title":{"rendered":"Condiciones de compra"},"content":{"rendered":"\t\t<div data-elementor-type=\"wp-page\" data-elementor-id=\"1098\" class=\"elementor elementor-1098\">\n\t\t\t\t\t\t<div class=\"elementor-inner\">\n\t\t\t\t<div class=\"elementor-section-wrap\">\n\t\t\t\t\t\t\t\t\t<section class=\"elementor-section elementor-top-section elementor-element elementor-element-36fc6a1 elementor-section-boxed elementor-section-height-default elementor-section-height-default\" data-id=\"36fc6a1\" data-element_type=\"section\">\n\t\t\t\t\t\t<div class=\"elementor-container elementor-column-gap-default\">\n\t\t\t\t\t\t\t<div class=\"elementor-row\">\n\t\t\t\t\t<div class=\"elementor-column elementor-col-100 elementor-top-column elementor-element elementor-element-f31226a\" data-id=\"f31226a\" data-element_type=\"column\">\n\t\t\t<div class=\"elementor-column-wrap elementor-element-populated\">\n\t\t\t\t\t\t\t<div class=\"elementor-widget-wrap\">\n\t\t\t\t\t\t<div class=\"elementor-element elementor-element-3c1e1df elementor-widget elementor-widget-heading\" data-id=\"3c1e1df\" data-element_type=\"widget\" data-widget_type=\"heading.default\">\n\t\t\t\t<div class=\"elementor-widget-container\">\n\t\t\t<h2 class=\"elementor-heading-title elementor-size-default\">CONDICIONES DE COMPRA<\/h2>\t\t<\/div>\n\t\t\t\t<\/div>\n\t\t\t\t\t\t<\/div>\n\t\t\t\t\t<\/div>\n\t\t<\/div>\n\t\t\t\t\t\t\t\t<\/div>\n\t\t\t\t\t<\/div>\n\t\t<\/section>\n\t\t\t\t<section class=\"elementor-section elementor-top-section elementor-element elementor-element-671bc95 elementor-section-boxed elementor-section-height-default elementor-section-height-default\" data-id=\"671bc95\" data-element_type=\"section\">\n\t\t\t\t\t\t<div class=\"elementor-container elementor-column-gap-default\">\n\t\t\t\t\t\t\t<div class=\"elementor-row\">\n\t\t\t\t\t<div class=\"elementor-column elementor-col-100 elementor-top-column elementor-element elementor-element-4bbc682\" data-id=\"4bbc682\" data-element_type=\"column\">\n\t\t\t<div class=\"elementor-column-wrap elementor-element-populated\">\n\t\t\t\t\t\t\t<div class=\"elementor-widget-wrap\">\n\t\t\t\t\t\t<div class=\"elementor-element elementor-element-755eb2b elementor-widget elementor-widget-text-editor\" data-id=\"755eb2b\" data-element_type=\"widget\" data-widget_type=\"text-editor.default\">\n\t\t\t\t<div class=\"elementor-widget-container\">\n\t\t\t\t\t\t\t\t<div class=\"elementor-text-editor elementor-clearfix\">\n\t\t\t\t<p><strong>QUESOS EL PASTOR \u2013 HIJOS DE SALVADOR S.A.<\/strong>, responsable del sitio web, en adelante RESPONSABLE, pone a disposici\u00f3n de los usuarios el presente documento, con el que pretende dar cumplimiento a las obligaciones dispuestas en la Ley 34\/2002, de 11 de julio, de Servicios de la Sociedad de la Informaci\u00f3n y de Comercio Electr\u00f3nico (LSSICE), BOE N \u00ba 166, as\u00ed como informar a todos los usuarios del sitio web respecto a cu\u00e1les son las condiciones de uso.<\/p>\n<p>Toda persona que acceda a este sitio web asume el papel de usuario, comprometi\u00e9ndose a la observancia y cumplimiento riguroso de las disposiciones aqu\u00ed dispuestas, as\u00ed como a cualquier otra disposici\u00f3n legal que fuera de aplicaci\u00f3n.&nbsp;<\/p>\n<p>QUESOS EL PASTOR \u2013 HIJOS DE SALVADOR S.A. se reserva el derecho de modificar cualquier tipo de informaci\u00f3n que pudiera aparecer en el sitio web, sin que exista obligaci\u00f3n de preavisar o poner en conocimiento de los usuarios dichas obligaciones, entendi\u00e9ndose como suficiente con la publicaci\u00f3n en el sitio web de QUESOS EL PASTOR \u2013 HIJOS DE SALVADOR S.A.<\/p>\n<p><strong>DATOS IDENTIFICATIVOS<\/strong><\/p>\n<p>Nombre de dominio: www.elpastor.com\/tienda<br>Nombre comercial: QUESOS EL PASTOR<br>Denominaci\u00f3n social: QUESOS EL PASTOR \u2013 HIJOS DE SALVADOR S.A.<br>NIF: A49009350<br>Domicilio social: CTRA. DE M\u00d3ZAR KM, 1&nbsp; \u2013 49620 \u2013 SANTA CRISTINA DE LA POLVOROSA (ZAMORA)<br>Tel\u00e9fono: 980631907<br>e-mail: <a href=\"mailto:tienda@elpastor.com\">tienda@elpastor.com<\/a><\/p>\n<p><strong>PRECIOS<\/strong><\/p>\n<p>Los precios publicados en la tienda online&nbsp;\u201cLa Tienda de Quesos El Pastor\u201d&nbsp;son en euros. Todos los precios llevan el IVA incluido aplicable en el d\u00eda del pedido, cualquier cambio de tasa de IVA ser\u00e1 aplicado autom\u00e1ticamente a los precios de los productos en venta en la tienda online.<\/p>\n<p>Las ofertas sobre productos en venta en la tienda online \u201cLa Tienda de Quesos El Pastor\u201d, ser\u00e1n v\u00e1lidas mientras se muestren en pantalla.<\/p>\n<p>Los vales de descuento tendr\u00e1n una vigencia y condiciones especiales para su utilizaci\u00f3n. Consulta las especificaciones de cada vale antes de utilizarlo.<\/p>\n<p>El peso indicado en los quesos por piezas y medias piezas es aproximado.<\/p>\n<p><strong>FORMAS DE PAGO<\/strong><\/p>\n<p>La f\u00f3rmula de pago es mediante tarjeta de cr\u00e9dito o d\u00e9bito de cualquier entidad a trav\u00e9s de un TPV virtual.&nbsp;Para utilizar este medio de pago, el comprador tendr\u00e1 que facilitar su nombre y apellidos, su n\u00famero de tarjeta, la fecha de caducidad y su n\u00famero CVV. En este caso, sus datos ser\u00e1n cifrados y enviados bajo servidor seguro al TPV virtual del banco. Este procedimiento no facilita el n\u00famero de tarjeta a&nbsp;Quesos El Pastor &#8211; Hijos de Salvador S.A.<\/p>\n<p><strong>CONDICIONES DE ENV\u00cdO<\/strong><\/p>\n<p>En \u201cLa Tienda de Quesos El Pastor\u201d hacemos env\u00edos a Espa\u00f1a pen\u00ednsula y Baleares. Los env\u00edos siempre se realizan en fr\u00edo para su perfecta conservaci\u00f3n a una temperatura entre +2\u00baC y +8\u00baC.<\/p>\n<p>La direcci\u00f3n de env\u00edo y facturaci\u00f3n pueden ser la misma, aunque tambi\u00e9n se puede indicar una direcci\u00f3n de entrega diferente a la de facturaci\u00f3n, en este caso se tendr\u00e1n que rellenar los campos para cada una de las direcciones.<\/p>\n<p>Los pedidos se preparan en el momento que el pago ha sido confirmado y en el siguiente horario:<br>De lunes a viernes de 8:00 a 15:00 h. Los pedidos fuera de este horario se preparar\u00e1n el d\u00eda laborable siguiente. No se realizar\u00e1n env\u00edos ni entregas s\u00e1bados, domingos ni festivos. El cliente recibir\u00e1 un correo electr\u00f3nico indicando cu\u00e1ndo el pedido ha sido recepcionado y otro correo en el momento que se realice el env\u00edo, a la direcci\u00f3n de correo electr\u00f3nico indicada por el cliente al darse de alta en \u201cLa Tienda de Quesos El Pastor\u201d.<\/p>\n<p>En el caso de haber solicitado factura de compra o si el pedido es superior a 300 \u20ac, se enviar\u00e1 a la direcci\u00f3n de correo electr\u00f3nico indicada por el cliente.<\/p>\n<p>La entrega de la mercanc\u00eda se realizar\u00e1 a la direcci\u00f3n que el cliente indique en el pedido.<\/p>\n<p>Un pedido se considera entregado en el momento que el transportista entrega el paquete o los paquetes al cliente y \u00e9ste firma el documento de recepci\u00f3n de entrega. Corresponde al cliente verificar el estado de la mercanc\u00eda a la recepci\u00f3n, indicando todas las anomal\u00edas en el albar\u00e1n de recepci\u00f3n de entrega.<\/p>\n<p>El plazo de entrega es de 96 horas desde la recepci\u00f3n del pedido.<\/p>\n<p><strong>SEGUIMIENTO DEL PEDIDO<\/strong><\/p>\n<p>El cliente recibir\u00e1 un correo o SMS confirmando la recepci\u00f3n del pedido en \u201cLa Tienda de Quesos El Pastor\u201c y otro en el momento en que se efect\u00fae el env\u00edo.<\/p>\n<p>En el caso de no recibir el pedido en el periodo establecido desde la fecha de pedido, puedes solicitar informaci\u00f3n en <a href=\"mailto:tienda@elpastor.com\">tienda@elpastor.com<\/a> o en el tel\u00e9fono 980 631 758<\/p>\n<p><strong>ANULACIONES<\/strong><\/p>\n<p>Si una vez realizada la compra se desea anular el pedido, se podr\u00e1 realizar en las cuatro horas&nbsp;<span style=\"letter-spacing: 0px;\">siguientes<\/span><span style=\"letter-spacing: 0px;\">&nbsp;<\/span><span style=\"letter-spacing: 0px;\">a la confirmaci\u00f3n de la recepci\u00f3n del pedido, se podr\u00e1 hacer por escrito enviando un correo a la direcci\u00f3n <\/span><a style=\"letter-spacing: 0px;\" href=\"mailto:tienda@elpastor.com\">tienda@elpastor.com<\/a><span style=\"letter-spacing: 0px;\"> con el n\u00famero de pedido.<\/span><\/p>\n<p><strong>DEVOLUCIONES<\/strong><\/p>\n<p>Trat\u00e1ndose de alimentaci\u00f3n s\u00f3lo podemos aceptar devoluciones cuando el producto haya sido recibido en mal estado o bien no corresponda con el pedido original efectuado por el cliente, ya sea parcial o totalmente.<br>El cliente debe enviar una foto del producto en mal estado dentro de las 24 primeras horas desde su recepci\u00f3n y remitirla por correo electr\u00f3nico a <a href=\"mailto:tienda@elpastor.com\">tienda@elpastor.com<\/a><br>Una vez comprobado el mal estado procederemos a sustituir dicho&nbsp;producto por uno nuevo sin gastos de env\u00edo para el cliente.<br>Los gastos de recogida de los productos afectados por la devoluci\u00f3n correr\u00e1n a cargo de \u201cLa Tienda de Quesos El Pastor\u201d.<\/p>\n<p><strong>GASTOS DE ENV\u00cdO<\/strong><\/p>\n<p>Espa\u00f1a peninsular y Baleares: 8 \u20ac + IVA.<br><\/p>\n<p>Env\u00edo gratuito a partir de 40 \u20ac de compra.<\/p>\n<p><strong>REGISTRO DE USUARIO<\/strong><\/p>\n<p>Para navegar por la tienda y agregar productos al carrito no es necesario estar registrado. Sin embargo, para realizar la compra s\u00ed ser\u00e1 necesario ser usuario registrado y mayor de 18 a\u00f1os. Solicitaremos sus datos personales para generar una ficha de cliente; dichos datos quedar\u00e1n protegidos en virtud de lo dispuesto en la Ley 15\/1999, de 13 de diciembre, de Protecci\u00f3n de Datos de Car\u00e1cter Personal.<\/p>\n<p>Con la cuenta de usuario podr\u00e1s realizar compras, beneficiarse de promociones y descuentos y acceder a tu historial de pedidos.<\/p>\n<p>\u201cLa Tienda de Quesos El Pastor\u201d, est\u00e1 desarrollada para clientes finales, no se servir\u00e1 productos a personas f\u00edsicas o jur\u00eddicas que realicen reventa a terceros.<\/p>\n<p><strong>PROCESO DE COMPRA<\/strong><\/p>\n<ol>\n<li>Situados en la tienda podemos ira eligiendo productos y a\u00f1adi\u00e9ndolos a nuestro carrito de compra. Tenemos la opci\u00f3n de visualizar en cualquier momento en la opci\u00f3n \u201cver carrito\u201d y continuar con la compra en la opci\u00f3n \u201cseguir comprando\u201d.<\/li>\n<li>Una vez elegidos los productos y cantidades que deseamos comprar, nos dirigiremos a nuestro carrito de compra \u201cver carrito\u201d, en esta pantalla podemos aumentar o disminuir la cantidad de los productos seleccionados o eliminarlo. En este paso tambi\u00e9n indicaremos si queremos aplicar alg\u00fan cup\u00f3n de descuento. El pedido lo podemos ver valorado incluidos los gastos de env\u00edo. Si estamos de acuerdo seleccionamos \u201cfinalizar compra\u201d<\/li>\n<li>Pasaremos a identificarnos, si ya somos usuarios, introduciremos nuestro correo electr\u00f3nico y nuestra clave; si no somos clientes tendremos que rellenar los datos para darnos de alta.<\/li>\n<li>Elegiremos la direcci\u00f3n de env\u00edo. Puede ser la misma de facturaci\u00f3n u otra, esta opci\u00f3n se suele utilizar bien para hacer regalos o desviar el env\u00edo a una direcci\u00f3n que nos garantice la presencia de alguna persona que recepcione el pedido.<\/li>\n<li>Seleccionaremos la forma de pago, rellenaremos los campos que nos solicitan y finalizaremos la compra.<\/li>\n<\/ol>\t\t\t\t\t<\/div>\n\t\t\t\t\t\t<\/div>\n\t\t\t\t<\/div>\n\t\t\t\t\t\t<\/div>\n\t\t\t\t\t<\/div>\n\t\t<\/div>\n\t\t\t\t\t\t\t\t<\/div>\n\t\t\t\t\t<\/div>\n\t\t<\/section>\n\t\t\t\t\t\t\t\t\t<\/div>\n\t\t\t<\/div>\n\t\t\t\t\t<\/div>\n\t\t","protected":false},"excerpt":{"rendered":"<p>CONDICIONES DE COMPRA QUESOS EL PASTOR \u2013 HIJOS DE SALVADOR S.A., responsable del sitio web, en adelante RESPONSABLE, pone a disposici\u00f3n de los usuarios el presente documento, con el que pretende dar cumplimiento a las obligaciones dispuestas en la Ley 34\/2002, de 11 de julio, de Servicios de la Sociedad de la Informaci\u00f3n y de&hellip;&nbsp;<a href=\"https:\/\/www.elpastor.com\/tienda\/condiciones-de-compra\/\" class=\"\" rel=\"bookmark\">Leer m\u00e1s &raquo;<span class=\"screen-reader-text\">Condiciones de compra<\/span><\/a><\/p>\n","protected":false},"author":1,"featured_media":0,"parent":0,"menu_order":0,"comment_status":"closed","ping_status":"open","template":"page-templates\/template-pagebuilder-full-width.php","meta":{"neve_meta_sidebar":"","neve_meta_container":"","neve_meta_enable_content_width":"off","neve_meta_content_width":0,"neve_meta_title_alignment":"","neve_meta_author_avatar":"","neve_post_elements_order":"","neve_meta_disable_header":"","neve_meta_disable_footer":"","neve_meta_disable_title":"","footnotes":""},"yoast_head":"<!-- This site is optimized with the Yoast SEO plugin v21.4 - https:\/\/yoast.com\/wordpress\/plugins\/seo\/ -->\n<title>Condiciones de compra - Quesos El Pastor - Tienda Online<\/title>\n<meta name=\"robots\" content=\"noindex, follow\" \/>\n<meta property=\"og:locale\" content=\"es_ES\" \/>\n<meta property=\"og:type\" content=\"article\" \/>\n<meta property=\"og:title\" content=\"Condiciones de compra - Quesos El Pastor - Tienda Online\" \/>\n<meta property=\"og:description\" content=\"CONDICIONES DE COMPRA QUESOS EL PASTOR \u2013 HIJOS DE SALVADOR S.A., responsable del sitio web, en adelante RESPONSABLE, pone a disposici\u00f3n de los usuarios el presente documento, con el que pretende dar cumplimiento a las obligaciones dispuestas en la Ley 34\/2002, de 11 de julio, de Servicios de la Sociedad de la Informaci\u00f3n y de&hellip;&nbsp;Leer m\u00e1s &raquo;Condiciones de compra\" \/>\n<meta property=\"og:url\" content=\"https:\/\/www.elpastor.com\/tienda\/condiciones-de-compra\/\" \/>\n<meta property=\"og:site_name\" content=\"Quesos El Pastor - Tienda Online\" \/>\n<meta property=\"article:modified_time\" content=\"2024-01-01T09:09:58+00:00\" \/>\n<meta name=\"twitter:card\" content=\"summary_large_image\" \/>\n<meta name=\"twitter:label1\" content=\"Tiempo de lectura\" \/>\n\t<meta name=\"twitter:data1\" content=\"6 minutos\" \/>\n<!-- \/ Yoast SEO plugin. -->","yoast_head_json":{"title":"Condiciones de compra - Quesos El Pastor - Tienda Online","robots":{"index":"noindex","follow":"follow"},"og_locale":"es_ES","og_type":"article","og_title":"Condiciones de compra - Quesos El Pastor - Tienda Online","og_description":"CONDICIONES DE COMPRA QUESOS EL PASTOR \u2013 HIJOS DE SALVADOR S.A., responsable del sitio web, en adelante RESPONSABLE, pone a disposici\u00f3n de los usuarios el presente documento, con el que pretende dar cumplimiento a las obligaciones dispuestas en la Ley 34\/2002, de 11 de julio, de Servicios de la Sociedad de la Informaci\u00f3n y de&hellip;&nbsp;Leer m\u00e1s &raquo;Condiciones de compra","og_url":"https:\/\/www.elpastor.com\/tienda\/condiciones-de-compra\/","og_site_name":"Quesos El Pastor - Tienda Online","article_modified_time":"2024-01-01T09:09:58+00:00","twitter_card":"summary_large_image","twitter_misc":{"Tiempo de lectura":"6 minutos"},"schema":{"@context":"https:\/\/schema.org","@graph":[{"@type":"WebPage","@id":"https:\/\/www.elpastor.com\/tienda\/condiciones-de-compra\/","url":"https:\/\/www.elpastor.com\/tienda\/condiciones-de-compra\/","name":"Condiciones de compra - Quesos El Pastor - Tienda Online","isPartOf":{"@id":"https:\/\/www.elpastor.com\/tienda\/#website"},"datePublished":"2020-10-16T10:05:44+00:00","dateModified":"2024-01-01T09:09:58+00:00","breadcrumb":{"@id":"https:\/\/www.elpastor.com\/tienda\/condiciones-de-compra\/#breadcrumb"},"inLanguage":"es","potentialAction":[{"@type":"ReadAction","target":["https:\/\/www.elpastor.com\/tienda\/condiciones-de-compra\/"]}]},{"@type":"BreadcrumbList","@id":"https:\/\/www.elpastor.com\/tienda\/condiciones-de-compra\/#breadcrumb","itemListElement":[{"@type":"ListItem","position":1,"name":"Portada","item":"https:\/\/www.elpastor.com\/tienda\/"},{"@type":"ListItem","position":2,"name":"Condiciones de compra"}]},{"@type":"WebSite","@id":"https:\/\/www.elpastor.com\/tienda\/#website","url":"https:\/\/www.elpastor.com\/tienda\/","name":"Quesos El Pastor - Tienda Online","description":"Un mundo lleno de sabores","publisher":{"@id":"https:\/\/www.elpastor.com\/tienda\/#organization"},"potentialAction":[{"@type":"SearchAction","target":{"@type":"EntryPoint","urlTemplate":"https:\/\/www.elpastor.com\/tienda\/?s={search_term_string}"},"query-input":"required name=search_term_string"}],"inLanguage":"es"},{"@type":"Organization","@id":"https:\/\/www.elpastor.com\/tienda\/#organization","name":"Quesos El Pastor - Tienda Online","url":"https:\/\/www.elpastor.com\/tienda\/","logo":{"@type":"ImageObject","inLanguage":"es","@id":"https:\/\/www.elpastor.com\/tienda\/#\/schema\/logo\/image\/","url":"https:\/\/www.elpastor.com\/tienda\/wp-content\/uploads\/2020\/08\/quesos-el-pastor-logo.png","contentUrl":"https:\/\/www.elpastor.com\/tienda\/wp-content\/uploads\/2020\/08\/quesos-el-pastor-logo.png","width":320,"height":215,"caption":"Quesos El Pastor - Tienda Online"},"image":{"@id":"https:\/\/www.elpastor.com\/tienda\/#\/schema\/logo\/image\/"}}]}},"_links":{"self":[{"href":"https:\/\/www.elpastor.com\/tienda\/wp-json\/wp\/v2\/pages\/1098"}],"collection":[{"href":"https:\/\/www.elpastor.com\/tienda\/wp-json\/wp\/v2\/pages"}],"about":[{"href":"https:\/\/www.elpastor.com\/tienda\/wp-json\/wp\/v2\/types\/page"}],"author":[{"embeddable":true,"href":"https:\/\/www.elpastor.com\/tienda\/wp-json\/wp\/v2\/users\/1"}],"replies":[{"embeddable":true,"href":"https:\/\/www.elpastor.com\/tienda\/wp-json\/wp\/v2\/comments?post=1098"}],"version-history":[{"count":20,"href":"https:\/\/www.elpastor.com\/tienda\/wp-json\/wp\/v2\/pages\/1098\/revisions"}],"predecessor-version":[{"id":3162,"href":"https:\/\/www.elpastor.com\/tienda\/wp-json\/wp\/v2\/pages\/1098\/revisions\/3162"}],"wp:attachment":[{"href":"https:\/\/www.elpastor.com\/tienda\/wp-json\/wp\/v2\/media?parent=1098"}],"curies":[{"name":"wp","href":"https:\/\/api.w.org\/{rel}","templated":true}]}}